{"id":162,"date":"2023-07-11T12:17:42","date_gmt":"2023-07-11T10:17:42","guid":{"rendered":"http:\/\/www.capoupascap-accompagnement.fr\/?page_id=162"},"modified":"2023-08-23T14:58:30","modified_gmt":"2023-08-23T12:58:30","slug":"coaching","status":"publish","type":"page","link":"https:\/\/www.capoupascap-accompagnement.fr\/?page_id=162","title":{"rendered":"Coaching"},"content":{"rendered":"<div class=\"wp-block-image\">\n<figure class=\"alignright size-large is-resized\"><img loading=\"lazy\" decoding=\"async\" src=\"http:\/\/www.capoupascap-accompagnement.fr\/wp-content\/uploads\/2023\/07\/BONHOMMES-2-4-1024x726.png\" alt=\"\" class=\"wp-image-334\" style=\"width:235px;height:167px\" width=\"235\" height=\"167\" srcset=\"https:\/\/www.capoupascap-accompagnement.fr\/wp-content\/uploads\/2023\/07\/BONHOMMES-2-4-1024x726.png 1024w, https:\/\/www.capoupascap-accompagnement.fr\/wp-content\/uploads\/2023\/07\/BONHOMMES-2-4-300x213.png 300w, https:\/\/www.capoupascap-accompagnement.fr\/wp-content\/uploads\/2023\/07\/BONHOMMES-2-4-768x545.png 768w, https:\/\/www.capoupascap-accompagnement.fr\/wp-content\/uploads\/2023\/07\/BONHOMMES-2-4-1536x1090.png 1536w, https:\/\/www.capoupascap-accompagnement.fr\/wp-content\/uploads\/2023\/07\/BONHOMMES-2-4.png 1748w\" sizes=\"auto, (max-width: 235px) 100vw, 235px\" \/><\/figure>\n<\/div>\n\n\n<h1 class=\"wp-block-heading\"><mark style=\"background-color:rgba(0, 0, 0, 0)\" class=\"has-inline-color has-neve-link-color-color\">Le coaching, qu&rsquo;est ce que c&rsquo;est ?<\/mark><\/h1>\n\n\n\n<div style=\"height:41px\" aria-hidden=\"true\" class=\"wp-block-spacer\"><\/div>\n\n\n\n<p>Le coaching c\u2019est <strong><mark style=\"background-color:rgba(0, 0, 0, 0)\" class=\"has-inline-color has-neve-link-hover-color-color\">l\u2019art d\u2019accompagner<\/mark><\/strong> une personne dans l\u2019atteinte de ses objectifs, ses challenges ou ses projets qu\u2019ils soient personnels ou professionnels.<\/p>\n\n\n\n<p>En effet, le coach accompagne le coach\u00e9 \u00e0 prendre conscience de ses freins, ses peurs et ses \u00e9motions, tout en l&rsquo;aidant \u00e0 <strong><mark style=\"background-color:rgba(0, 0, 0, 0)\" class=\"has-inline-color has-neve-link-hover-color-color\">d\u00e9velopper les comp\u00e9tences<\/mark><\/strong> essentielles. L&rsquo;objectif est de gagner en autonomie, en responsabilit\u00e9 et en \u00e9panouissement. Gr\u00e2ce \u00e0 des actions majeures, le coach vous encourage \u00e0 <strong><mark style=\"background-color:rgba(0, 0, 0, 0)\" class=\"has-inline-color has-neve-link-hover-color-color\">renforcer votre confiance en vous<\/mark><\/strong>, votre <strong><mark style=\"background-color:rgba(0, 0, 0, 0)\" class=\"has-inline-color has-neve-link-hover-color-color\">estime de soi<\/mark><\/strong>. Il est l\u00e0 pour que vous r\u00e9alisiez que vous \u00eates ma\u00eetre de votre vie et de vos d\u00e9cisions.<\/p>\n\n\n\n<p>De plus, il agit en tant que <strong><mark style=\"background-color:rgba(0, 0, 0, 0)\" class=\"has-inline-color has-neve-link-hover-color-color\">partenaire de confiance<\/mark><\/strong>, facilitateur et motivateur. \u00c0 travers des techniques et des outils sp\u00e9cifiques, le coach aide le client \u00e0 d\u00e9finir des objectifs clairs et \u00e0 <strong><mark style=\"background-color:rgba(0, 0, 0, 0)\" class=\"has-inline-color has-neve-link-hover-color-color\">\u00e9laborer un plan d&rsquo;action concret<\/mark><\/strong> pour les atteindre.<\/p>\n\n\n\n<p>Il est important de souligner que le <strong>coaching n&rsquo;est pas une th\u00e9rapie<\/strong>. Le coach ne se concentre pas sur le pass\u00e9, mais plut\u00f4t sur le pr\u00e9sent et l&rsquo;avenir. Il aide le client \u00e0 <strong><mark style=\"background-color:rgba(0, 0, 0, 0)\" class=\"has-inline-color has-neve-link-hover-color-color\">trouver des solutions pratiques<\/mark><\/strong> et \u00e0 prendre des mesures concr\u00e8tes pour atteindre ses objectifs. <\/p>\n\n\n\n<p>En r\u00e9sum\u00e9, le coaching est un <strong><mark style=\"background-color:rgba(0, 0, 0, 0)\" class=\"has-inline-color has-neve-link-hover-color-color\">processus dynamique<\/mark><\/strong> qui offre un soutien personnalis\u00e9 pour aider les individus \u00e0 transformer leur vie, \u00e0 atteindre leurs objectifs et \u00e0 vivre une vie \u00e9panouissante et align\u00e9e avec leurs valeurs.<\/p>\n\n\n\n<div style=\"height:45px\" aria-hidden=\"true\" class=\"wp-block-spacer\"><\/div>\n\n\n\n<div class=\"wp-block-media-text alignfull is-stacked-on-mobile is-vertically-aligned-center\"><figure class=\"wp-block-media-text__media\"><img loading=\"lazy\" decoding=\"async\" width=\"1024\" height=\"683\" src=\"http:\/\/www.capoupascap-accompagnement.fr\/wp-content\/uploads\/2023\/07\/pexels-fauxels-3184465-1024x683.jpg\" alt=\"coaching\" class=\"wp-image-340 size-full\" srcset=\"https:\/\/www.capoupascap-accompagnement.fr\/wp-content\/uploads\/2023\/07\/pexels-fauxels-3184465-1024x683.jpg 1024w, https:\/\/www.capoupascap-accompagnement.fr\/wp-content\/uploads\/2023\/07\/pexels-fauxels-3184465-300x200.jpg 300w, https:\/\/www.capoupascap-accompagnement.fr\/wp-content\/uploads\/2023\/07\/pexels-fauxels-3184465-768x512.jpg 768w, https:\/\/www.capoupascap-accompagnement.fr\/wp-content\/uploads\/2023\/07\/pexels-fauxels-3184465-1536x1024.jpg 1536w, https:\/\/www.capoupascap-accompagnement.fr\/wp-content\/uploads\/2023\/07\/pexels-fauxels-3184465-2048x1365.jpg 2048w, https:\/\/www.capoupascap-accompagnement.fr\/wp-content\/uploads\/2023\/07\/pexels-fauxels-3184465-930x620.jpg 930w\" sizes=\"auto, (max-width: 1024px) 100vw, 1024px\" \/><\/figure><div class=\"wp-block-media-text__content\">\n<h2 class=\"wp-block-heading\"><mark style=\"background-color:rgba(0, 0, 0, 0)\" class=\"has-inline-color has-neve-link-color-color\">D\u00e9roulement<\/mark> <mark style=\"background-color:rgba(0, 0, 0, 0)\" class=\"has-inline-color has-neve-link-color-color\">du coaching<\/mark><\/h2>\n\n\n\n<ul class=\"wp-block-list\">\n<li><strong><mark style=\"background-color:rgba(0, 0, 0, 0)\" class=\"has-inline-color has-neve-link-hover-color-color\">Entretien pr\u00e9alable<\/mark><\/strong> : Cet <strong><mark style=\"background-color:rgba(0, 0, 0, 0)\" class=\"has-inline-color has-neve-text-color-color\">appel gratuit<\/mark><mark style=\"background-color:rgba(0, 0, 0, 0)\" class=\"has-inline-color has-neve-link-hover-color-color\"> <\/mark><\/strong>est l&rsquo;occasion pour vous de d\u00e9couvrir mon approche du coaching individuel et de voir si elle<strong><mark style=\"background-color:rgba(0, 0, 0, 0)\" class=\"has-inline-color has-neve-link-hover-color-color\"> <\/mark><mark style=\"background-color:rgba(0, 0, 0, 0)\" class=\"has-inline-color has-neve-text-color-color\">correspond \u00e0 vos besoins.<\/mark><\/strong> C&rsquo;est un moment privil\u00e9gi\u00e9 pour <strong><mark style=\"background-color:rgba(0, 0, 0, 0)\" class=\"has-inline-color has-neve-text-color-color\">discuter<\/mark><\/strong> de votre situation et de vos objectifs, et pour d\u00e9terminer si je suis <strong><mark style=\"background-color:rgba(0, 0, 0, 0)\" class=\"has-inline-color has-neve-text-color-color\">la bonne personne pour vous<\/mark><mark style=\"background-color:rgba(0, 0, 0, 0)\" class=\"has-inline-color has-neve-link-hover-color-color\"> <\/mark><\/strong>accompagner dans votre parcours.<\/li>\n\n\n\n<li><strong><mark style=\"background-color:rgba(0, 0, 0, 0)\" class=\"has-inline-color has-neve-link-hover-color-color\">Elaboration du contrat<\/mark> <\/strong>: Ensemble, nous \u00e9tablissons le cadre de votre coaching. Nous fixons les <strong><mark style=\"background-color:rgba(0, 0, 0, 0)\" class=\"has-inline-color has-neve-text-color-color\">attentes, les objectifs, les crit\u00e8res de r\u00e9ussite et les devoirs<\/mark><mark style=\"background-color:rgba(0, 0, 0, 0)\" class=\"has-inline-color has-neve-link-hover-color-color\"> <\/mark><\/strong>du coach dans un contrat de coaching.<\/li>\n<\/ul>\n\n\n\n<p class=\"has-text-align-center\"><strong><mark style=\"background-color:rgba(0, 0, 0, 0)\" class=\"has-inline-color has-neve-link-hover-color-color\">CAP OU PAS CAP de vous lancer ! <\/mark><\/strong><\/p>\n<\/div><\/div>\n\n\n\n<div style=\"height:35px\" aria-hidden=\"true\" class=\"wp-block-spacer\"><\/div>\n\n\n\n<div class=\"wp-block-buttons is-content-justification-center is-layout-flex wp-container-core-buttons-is-layout-16018d1d wp-block-buttons-is-layout-flex\">\n<div class=\"wp-block-button is-style-secondary\"><a class=\"wp-block-button__link has-text-align-center wp-element-button\" href=\"https:\/\/www.capoupascap-accompagnement.fr\/?page_id=68\">VOIR LES TARIFS<\/a><\/div>\n<\/div>\n\n\n\n<div style=\"height:36px\" aria-hidden=\"true\" class=\"wp-block-spacer\"><\/div>\n\n\n\n<div class=\"wp-block-cover alignfull\" style=\"min-height:300px;aspect-ratio:unset;\"><span aria-hidden=\"true\" class=\"wp-block-cover__background has-nv-dark-bg-background-color has-background-dim-100 has-background-dim\"><\/span><div class=\"wp-block-cover__inner-container is-layout-flow wp-block-cover-is-layout-flow\">\n<h2 class=\"wp-block-heading has-text-align-center has-nv-text-dark-bg-color has-text-color\">Alors, Cap ou pas cap de me contacter ? <\/h2>\n\n\n\n<div class=\"wp-block-buttons is-content-justification-center is-layout-flex wp-container-core-buttons-is-layout-16018d1d wp-block-buttons-is-layout-flex\">\n<div class=\"wp-block-button\"><a class=\"wp-block-button__link wp-element-button\" href=\"http:\/\/www.capoupascap-accompagnement.fr\/index.php\/contact\/\">CONTACT<\/a><\/div>\n<\/div>\n\n\n\n<ul class=\"wp-block-social-links aligncenter is-layout-flex wp-block-social-links-is-layout-flex\"><li class=\"wp-social-link wp-social-link-instagram  wp-block-social-link\"><a href=\"https:\/\/www.instagram.com\/capoupascapjle\/?hl=fr\" class=\"wp-block-social-link-anchor\"><svg width=\"24\" height=\"24\" viewBox=\"0 0 24 24\" version=\"1.1\" xmlns=\"http:\/\/www.w3.org\/2000\/svg\" aria-hidden=\"true\" focusable=\"false\"><path d=\"M12,4.622c2.403,0,2.688,0.009,3.637,0.052c0.877,0.04,1.354,0.187,1.671,0.31c0.42,0.163,0.72,0.358,1.035,0.673 c0.315,0.315,0.51,0.615,0.673,1.035c0.123,0.317,0.27,0.794,0.31,1.671c0.043,0.949,0.052,1.234,0.052,3.637 s-0.009,2.688-0.052,3.637c-0.04,0.877-0.187,1.354-0.31,1.671c-0.163,0.42-0.358,0.72-0.673,1.035 c-0.315,0.315-0.615,0.51-1.035,0.673c-0.317,0.123-0.794,0.27-1.671,0.31c-0.949,0.043-1.233,0.052-3.637,0.052 s-2.688-0.009-3.637-0.052c-0.877-0.04-1.354-0.187-1.671-0.31c-0.42-0.163-0.72-0.358-1.035-0.673 c-0.315-0.315-0.51-0.615-0.673-1.035c-0.123-0.317-0.27-0.794-0.31-1.671C4.631,14.688,4.622,14.403,4.622,12 s0.009-2.688,0.052-3.637c0.04-0.877,0.187-1.354,0.31-1.671c0.163-0.42,0.358-0.72,0.673-1.035 c0.315-0.315,0.615-0.51,1.035-0.673c0.317-0.123,0.794-0.27,1.671-0.31C9.312,4.631,9.597,4.622,12,4.622 M12,3 C9.556,3,9.249,3.01,8.289,3.054C7.331,3.098,6.677,3.25,6.105,3.472C5.513,3.702,5.011,4.01,4.511,4.511 c-0.5,0.5-0.808,1.002-1.038,1.594C3.25,6.677,3.098,7.331,3.054,8.289C3.01,9.249,3,9.556,3,12c0,2.444,0.01,2.751,0.054,3.711 c0.044,0.958,0.196,1.612,0.418,2.185c0.23,0.592,0.538,1.094,1.038,1.594c0.5,0.5,1.002,0.808,1.594,1.038 c0.572,0.222,1.227,0.375,2.185,0.418C9.249,20.99,9.556,21,12,21s2.751-0.01,3.711-0.054c0.958-0.044,1.612-0.196,2.185-0.418 c0.592-0.23,1.094-0.538,1.594-1.038c0.5-0.5,0.808-1.002,1.038-1.594c0.222-0.572,0.375-1.227,0.418-2.185 C20.99,14.751,21,14.444,21,12s-0.01-2.751-0.054-3.711c-0.044-0.958-0.196-1.612-0.418-2.185c-0.23-0.592-0.538-1.094-1.038-1.594 c-0.5-0.5-1.002-0.808-1.594-1.038c-0.572-0.222-1.227-0.375-2.185-0.418C14.751,3.01,14.444,3,12,3L12,3z M12,7.378 c-2.552,0-4.622,2.069-4.622,4.622S9.448,16.622,12,16.622s4.622-2.069,4.622-4.622S14.552,7.378,12,7.378z M12,15 c-1.657,0-3-1.343-3-3s1.343-3,3-3s3,1.343,3,3S13.657,15,12,15z M16.804,6.116c-0.596,0-1.08,0.484-1.08,1.08 s0.484,1.08,1.08,1.08c0.596,0,1.08-0.484,1.08-1.08S17.401,6.116,16.804,6.116z\"><\/path><\/svg><span class=\"wp-block-social-link-label screen-reader-text\">Instagram<\/span><\/a><\/li>\n\n<li class=\"wp-social-link wp-social-link-facebook  wp-block-social-link\"><a href=\"https:\/\/www.facebook.com\/capoupascapaccompagnement\" class=\"wp-block-social-link-anchor\"><svg width=\"24\" height=\"24\" viewBox=\"0 0 24 24\" version=\"1.1\" xmlns=\"http:\/\/www.w3.org\/2000\/svg\" aria-hidden=\"true\" focusable=\"false\"><path d=\"M12 2C6.5 2 2 6.5 2 12c0 5 3.7 9.1 8.4 9.9v-7H7.9V12h2.5V9.8c0-2.5 1.5-3.9 3.8-3.9 1.1 0 2.2.2 2.2.2v2.5h-1.3c-1.2 0-1.6.8-1.6 1.6V12h2.8l-.4 2.9h-2.3v7C18.3 21.1 22 17 22 12c0-5.5-4.5-10-10-10z\"><\/path><\/svg><span class=\"wp-block-social-link-label screen-reader-text\">Facebook<\/span><\/a><\/li>\n\n<li class=\"wp-social-link wp-social-link-linkedin  wp-block-social-link\"><a href=\"https:\/\/www.linkedin.com\/company\/capoupascap-accompagnement\/?viewAsMember=true\" class=\"wp-block-social-link-anchor\"><svg width=\"24\" height=\"24\" viewBox=\"0 0 24 24\" version=\"1.1\" xmlns=\"http:\/\/www.w3.org\/2000\/svg\" aria-hidden=\"true\" focusable=\"false\"><path d=\"M19.7,3H4.3C3.582,3,3,3.582,3,4.3v15.4C3,20.418,3.582,21,4.3,21h15.4c0.718,0,1.3-0.582,1.3-1.3V4.3 C21,3.582,20.418,3,19.7,3z M8.339,18.338H5.667v-8.59h2.672V18.338z M7.004,8.574c-0.857,0-1.549-0.694-1.549-1.548 c0-0.855,0.691-1.548,1.549-1.548c0.854,0,1.547,0.694,1.547,1.548C8.551,7.881,7.858,8.574,7.004,8.574z M18.339,18.338h-2.669 v-4.177c0-0.996-0.017-2.278-1.387-2.278c-1.389,0-1.601,1.086-1.601,2.206v4.249h-2.667v-8.59h2.559v1.174h0.037 c0.356-0.675,1.227-1.387,2.526-1.387c2.703,0,3.203,1.779,3.203,4.092V18.338z\"><\/path><\/svg><span class=\"wp-block-social-link-label screen-reader-text\">LinkedIn<\/span><\/a><\/li><\/ul>\n<\/div><\/div>\n","protected":false},"excerpt":{"rendered":"<p>Le coaching, qu&rsquo;est ce que c&rsquo;est ? Le coaching c\u2019est l\u2019art d\u2019accompagner une personne dans l\u2019atteinte de ses objectifs, ses challenges ou ses projets qu\u2019ils soient personnels ou professionnels. En effet, le coach accompagne le coach\u00e9 \u00e0 prendre conscience de ses freins, ses peurs et ses \u00e9motions, tout en l&rsquo;aidant \u00e0 d\u00e9velopper les comp\u00e9tences essentielles.&hellip;&nbsp;<a href=\"https:\/\/www.capoupascap-accompagnement.fr\/?page_id=162\" class=\"\" rel=\"bookmark\">Lire la suite &raquo;<span class=\"screen-reader-text\">Coaching<\/span><\/a><\/p>\n","protected":false},"author":1,"featured_media":0,"parent":0,"menu_order":0,"comment_status":"closed","ping_status":"closed","template":"","meta":{"neve_meta_sidebar":"","neve_meta_container":"","neve_meta_enable_content_width":"","neve_meta_content_width":0,"neve_meta_title_alignment":"","neve_meta_author_avatar":"","neve_post_elements_order":"","neve_meta_disable_header":"","neve_meta_disable_footer":"","neve_meta_disable_title":"","footnotes":""},"class_list":["post-162","page","type-page","status-publish","hentry"],"yoast_head":"<!-- This site is optimized with the Yoast SEO plugin v21.0 - https:\/\/yoast.com\/wordpress\/plugins\/seo\/ -->\n<title>Coaching - CAP OU PAS CAP<\/title>\n<meta name=\"description\" content=\"Le coaching qu&#039;est ce que c&#039;est ? Je suis Jean-Louis Escoffier, soci\u00e9t\u00e9 CAP OU PAS CAP et je suis coach professionnel, contactez-moi !\" \/>\n<meta name=\"robots\" content=\"index, follow, max-snippet:-1, max-image-preview:large, max-video-preview:-1\" \/>\n<link rel=\"canonical\" href=\"https:\/\/www.capoupascap-accompagnement.fr\/?page_id=162\" \/>\n<meta property=\"og:locale\" content=\"fr_FR\" \/>\n<meta property=\"og:type\" content=\"article\" \/>\n<meta property=\"og:title\" content=\"Coaching - CAP OU PAS CAP\" \/>\n<meta property=\"og:description\" content=\"Le coaching qu&#039;est ce que c&#039;est ? Je suis Jean-Louis Escoffier, soci\u00e9t\u00e9 CAP OU PAS CAP et je suis coach professionnel, contactez-moi !\" \/>\n<meta property=\"og:url\" content=\"https:\/\/www.capoupascap-accompagnement.fr\/?page_id=162\" \/>\n<meta property=\"og:site_name\" content=\"CAP OU PAS CAP\" \/>\n<meta property=\"article:publisher\" content=\"https:\/\/www.facebook.com\/capoupascapaccompagnement\" \/>\n<meta property=\"article:modified_time\" content=\"2023-08-23T12:58:30+00:00\" \/>\n<meta property=\"og:image\" content=\"http:\/\/www.capoupascap-accompagnement.fr\/wp-content\/uploads\/2023\/07\/BONHOMMES-2-4-1024x726.png\" \/>\n<meta name=\"twitter:card\" content=\"summary_large_image\" \/>\n<meta name=\"twitter:label1\" content=\"Dur\u00e9e de lecture estim\u00e9e\" \/>\n\t<meta name=\"twitter:data1\" content=\"3 minutes\" \/>\n<script type=\"application\/ld+json\" class=\"yoast-schema-graph\">{\"@context\":\"https:\/\/schema.org\",\"@graph\":[{\"@type\":\"WebPage\",\"@id\":\"https:\/\/www.capoupascap-accompagnement.fr\/?page_id=162\",\"url\":\"https:\/\/www.capoupascap-accompagnement.fr\/?page_id=162\",\"name\":\"Coaching - CAP OU PAS CAP\",\"isPartOf\":{\"@id\":\"https:\/\/www.capoupascap-accompagnement.fr\/#website\"},\"datePublished\":\"2023-07-11T10:17:42+00:00\",\"dateModified\":\"2023-08-23T12:58:30+00:00\",\"description\":\"Le coaching qu'est ce que c'est ? Je suis Jean-Louis Escoffier, soci\u00e9t\u00e9 CAP OU PAS CAP et je suis coach professionnel, contactez-moi !\",\"breadcrumb\":{\"@id\":\"https:\/\/www.capoupascap-accompagnement.fr\/?page_id=162#breadcrumb\"},\"inLanguage\":\"fr-FR\",\"potentialAction\":[{\"@type\":\"ReadAction\",\"target\":[\"https:\/\/www.capoupascap-accompagnement.fr\/?page_id=162\"]}]},{\"@type\":\"BreadcrumbList\",\"@id\":\"https:\/\/www.capoupascap-accompagnement.fr\/?page_id=162#breadcrumb\",\"itemListElement\":[{\"@type\":\"ListItem\",\"position\":1,\"name\":\"Accueil\",\"item\":\"https:\/\/www.capoupascap-accompagnement.fr\/\"},{\"@type\":\"ListItem\",\"position\":2,\"name\":\"Coaching\"}]},{\"@type\":\"WebSite\",\"@id\":\"https:\/\/www.capoupascap-accompagnement.fr\/#website\",\"url\":\"https:\/\/www.capoupascap-accompagnement.fr\/\",\"name\":\"capoupascap-accompagnement.fr\",\"description\":\"\",\"publisher\":{\"@id\":\"https:\/\/www.capoupascap-accompagnement.fr\/#organization\"},\"potentialAction\":[{\"@type\":\"SearchAction\",\"target\":{\"@type\":\"EntryPoint\",\"urlTemplate\":\"https:\/\/www.capoupascap-accompagnement.fr\/?s={search_term_string}\"},\"query-input\":\"required name=search_term_string\"}],\"inLanguage\":\"fr-FR\"},{\"@type\":\"Organization\",\"@id\":\"https:\/\/www.capoupascap-accompagnement.fr\/#organization\",\"name\":\"capoupascap-accompagnement.fr\",\"url\":\"https:\/\/www.capoupascap-accompagnement.fr\/\",\"logo\":{\"@type\":\"ImageObject\",\"inLanguage\":\"fr-FR\",\"@id\":\"https:\/\/www.capoupascap-accompagnement.fr\/#\/schema\/logo\/image\/\",\"url\":\"http:\/\/www.capoupascap-accompagnement.fr\/wp-content\/uploads\/2023\/07\/LOGO.png\",\"contentUrl\":\"http:\/\/www.capoupascap-accompagnement.fr\/wp-content\/uploads\/2023\/07\/LOGO.png\",\"width\":500,\"height\":500,\"caption\":\"capoupascap-accompagnement.fr\"},\"image\":{\"@id\":\"https:\/\/www.capoupascap-accompagnement.fr\/#\/schema\/logo\/image\/\"},\"sameAs\":[\"https:\/\/www.facebook.com\/capoupascapaccompagnement\",\"https:\/\/www.instagram.com\/capoupascapjle\/?hl=fr\"]}]}<\/script>\n<!-- \/ Yoast SEO plugin. -->","yoast_head_json":{"title":"Coaching - CAP OU PAS CAP","description":"Le coaching qu'est ce que c'est ? Je suis Jean-Louis Escoffier, soci\u00e9t\u00e9 CAP OU PAS CAP et je suis coach professionnel, contactez-moi !","robots":{"index":"index","follow":"follow","max-snippet":"max-snippet:-1","max-image-preview":"max-image-preview:large","max-video-preview":"max-video-preview:-1"},"canonical":"https:\/\/www.capoupascap-accompagnement.fr\/?page_id=162","og_locale":"fr_FR","og_type":"article","og_title":"Coaching - CAP OU PAS CAP","og_description":"Le coaching qu'est ce que c'est ? Je suis Jean-Louis Escoffier, soci\u00e9t\u00e9 CAP OU PAS CAP et je suis coach professionnel, contactez-moi !","og_url":"https:\/\/www.capoupascap-accompagnement.fr\/?page_id=162","og_site_name":"CAP OU PAS CAP","article_publisher":"https:\/\/www.facebook.com\/capoupascapaccompagnement","article_modified_time":"2023-08-23T12:58:30+00:00","og_image":[{"url":"http:\/\/www.capoupascap-accompagnement.fr\/wp-content\/uploads\/2023\/07\/BONHOMMES-2-4-1024x726.png"}],"twitter_card":"summary_large_image","twitter_misc":{"Dur\u00e9e de lecture estim\u00e9e":"3 minutes"},"schema":{"@context":"https:\/\/schema.org","@graph":[{"@type":"WebPage","@id":"https:\/\/www.capoupascap-accompagnement.fr\/?page_id=162","url":"https:\/\/www.capoupascap-accompagnement.fr\/?page_id=162","name":"Coaching - CAP OU PAS CAP","isPartOf":{"@id":"https:\/\/www.capoupascap-accompagnement.fr\/#website"},"datePublished":"2023-07-11T10:17:42+00:00","dateModified":"2023-08-23T12:58:30+00:00","description":"Le coaching qu'est ce que c'est ? Je suis Jean-Louis Escoffier, soci\u00e9t\u00e9 CAP OU PAS CAP et je suis coach professionnel, contactez-moi !","breadcrumb":{"@id":"https:\/\/www.capoupascap-accompagnement.fr\/?page_id=162#breadcrumb"},"inLanguage":"fr-FR","potentialAction":[{"@type":"ReadAction","target":["https:\/\/www.capoupascap-accompagnement.fr\/?page_id=162"]}]},{"@type":"BreadcrumbList","@id":"https:\/\/www.capoupascap-accompagnement.fr\/?page_id=162#breadcrumb","itemListElement":[{"@type":"ListItem","position":1,"name":"Accueil","item":"https:\/\/www.capoupascap-accompagnement.fr\/"},{"@type":"ListItem","position":2,"name":"Coaching"}]},{"@type":"WebSite","@id":"https:\/\/www.capoupascap-accompagnement.fr\/#website","url":"https:\/\/www.capoupascap-accompagnement.fr\/","name":"capoupascap-accompagnement.fr","description":"","publisher":{"@id":"https:\/\/www.capoupascap-accompagnement.fr\/#organization"},"potentialAction":[{"@type":"SearchAction","target":{"@type":"EntryPoint","urlTemplate":"https:\/\/www.capoupascap-accompagnement.fr\/?s={search_term_string}"},"query-input":"required name=search_term_string"}],"inLanguage":"fr-FR"},{"@type":"Organization","@id":"https:\/\/www.capoupascap-accompagnement.fr\/#organization","name":"capoupascap-accompagnement.fr","url":"https:\/\/www.capoupascap-accompagnement.fr\/","logo":{"@type":"ImageObject","inLanguage":"fr-FR","@id":"https:\/\/www.capoupascap-accompagnement.fr\/#\/schema\/logo\/image\/","url":"http:\/\/www.capoupascap-accompagnement.fr\/wp-content\/uploads\/2023\/07\/LOGO.png","contentUrl":"http:\/\/www.capoupascap-accompagnement.fr\/wp-content\/uploads\/2023\/07\/LOGO.png","width":500,"height":500,"caption":"capoupascap-accompagnement.fr"},"image":{"@id":"https:\/\/www.capoupascap-accompagnement.fr\/#\/schema\/logo\/image\/"},"sameAs":["https:\/\/www.facebook.com\/capoupascapaccompagnement","https:\/\/www.instagram.com\/capoupascapjle\/?hl=fr"]}]}},"_links":{"self":[{"href":"https:\/\/www.capoupascap-accompagnement.fr\/index.php?rest_route=\/wp\/v2\/pages\/162","targetHints":{"allow":["GET"]}}],"collection":[{"href":"https:\/\/www.capoupascap-accompagnement.fr\/index.php?rest_route=\/wp\/v2\/pages"}],"about":[{"href":"https:\/\/www.capoupascap-accompagnement.fr\/index.php?rest_route=\/wp\/v2\/types\/page"}],"author":[{"embeddable":true,"href":"https:\/\/www.capoupascap-accompagnement.fr\/index.php?rest_route=\/wp\/v2\/users\/1"}],"replies":[{"embeddable":true,"href":"https:\/\/www.capoupascap-accompagnement.fr\/index.php?rest_route=%2Fwp%2Fv2%2Fcomments&post=162"}],"version-history":[{"count":19,"href":"https:\/\/www.capoupascap-accompagnement.fr\/index.php?rest_route=\/wp\/v2\/pages\/162\/revisions"}],"predecessor-version":[{"id":427,"href":"https:\/\/www.capoupascap-accompagnement.fr\/index.php?rest_route=\/wp\/v2\/pages\/162\/revisions\/427"}],"wp:attachment":[{"href":"https:\/\/www.capoupascap-accompagnement.fr\/index.php?rest_route=%2Fwp%2Fv2%2Fmedia&parent=162"}],"curies":[{"name":"wp","href":"https:\/\/api.w.org\/{rel}","templated":true}]}}