{"id":3,"date":"2023-07-06T14:05:26","date_gmt":"2023-07-06T12:05:26","guid":{"rendered":"http:\/\/btaxwul.cluster027.hosting.ovh.net\/?page_id=3"},"modified":"2023-07-11T12:36:46","modified_gmt":"2023-07-11T10:36:46","slug":"politique-de-confidentialite","status":"publish","type":"page","link":"https:\/\/www.capoupascap-accompagnement.fr\/?page_id=3","title":{"rendered":"Politique de confidentialit\u00e9"},"content":{"rendered":"\n<h2 class=\"wp-block-heading\"><mark style=\"background-color:rgba(0, 0, 0, 0)\" class=\"has-inline-color has-neve-link-color-color\">Qui sommes-nous\u00a0?<\/mark><\/h2>\n\n\n\n<p>L\u2019adresse de notre site est&nbsp;: <a href=\"http:\/\/www.capoupascap-accompagnement.fr\/\">http:\/\/www.capoupascap-accompagnement.fr\/<\/a><\/p>\n\n\n\n<h2 class=\"wp-block-heading\"><mark style=\"background-color:rgba(0, 0, 0, 0)\" class=\"has-inline-color has-neve-link-hover-color-color\">Commentaires<\/mark><\/h2>\n\n\n\n<p>Quand vous laissez un commentaire sur notre site, les donn\u00e9es inscrites dans le formulaire de commentaire, ainsi que votre adresse IP et l\u2019agent utilisateur de votre navigateur sont collect\u00e9s pour nous aider \u00e0 la d\u00e9tection des commentaires ind\u00e9sirables.<\/p>\n\n\n\n<h2 class=\"wp-block-heading\"><mark style=\"background-color:rgba(0, 0, 0, 0)\" class=\"has-inline-color has-neve-link-color-color\">Cookies<\/mark><\/h2>\n\n\n\n<p>L\u2019Internaute est inform\u00e9 que la Soci\u00e9t\u00e9 ou d\u2019autres sites partenaires sont susceptibles de placer des cookies et des actions Tag sur son ordinateur dans le but de mesurer l\u2019efficience du service propos\u00e9. Toutes les informations collect\u00e9es par ces entreprises via les cookies ou les actions Tag sont enti\u00e8rement anonymes. L\u2019Internaute a cependant la possibilit\u00e9 de refuser les cookies ou les actions Tag. Il lui suffit pour cela de modifier les param\u00e8tres de son navigateur Internet. Dans ce cas, il se peut qu\u2019il ne puisse b\u00e9n\u00e9ficier de la totalit\u00e9 des fonctions et des services propos\u00e9s sur le pr\u00e9sent Site.<\/p>\n\n\n\n<p>Ce site utilise Google Analytics, un service d\u2019analyse de site internet fourni par Google Inc. (\u00ab Google \u00bb). Google Analytics utilise des cookies (fichiers de petite taille, qui ne permettent pas l\u2019identification de l\u2019utilisateur, mais qui enregistrent des informations relatives \u00e0 la navigation d\u2019un ordinateur sur un site) pour aider le site internet \u00e0 analyser l\u2019utilisation du site par ses utilisateurs. Les donn\u00e9es g\u00e9n\u00e9r\u00e9es par les cookies concernant votre utilisation du site (y compris votre adresse IP) seront transmises et stock\u00e9es par Google sur des serveurs situ\u00e9s aux Etats-Unis. Google utilisera cette information dans le but d\u2019\u00e9valuer votre utilisation du site, de compiler des rapports sur l\u2019activit\u00e9 du site \u00e0 destination de son \u00e9diteur et de fournir d\u2019autres services relatifs \u00e0 l\u2019activit\u00e9 du site et \u00e0 l\u2019utilisation d\u2019Internet. Google est susceptible de communiquer ces donn\u00e9es \u00e0 des tiers en cas d\u2019obligation l\u00e9gale ou lorsque ces tiers traitent ces donn\u00e9es pour le compte de Google, y compris notamment l\u2019\u00e9diteur de ce site. Google ne recoupera pas votre adresse IP avec toute autre donn\u00e9e d\u00e9tenue par Google. Vous pouvez d\u00e9sactiver l\u2019utilisation de cookies en s\u00e9lectionnant les param\u00e8tres appropri\u00e9s de votre navigateur*. Cependant, une telle d\u00e9sactivation pourrait emp\u00eacher l\u2019utilisation de certaines fonctionnalit\u00e9s de ce site. En utilisant ce site internet, vous consentez express\u00e9ment au traitement de vos donn\u00e9es nominatives par Google dans les conditions et pour les finalit\u00e9s d\u00e9crites ci-dessus.<\/p>\n\n\n\n<p><em>*Sous Internet Explorer : onglet outil \/ options internet. Cliquez sur Confidentialit\u00e9 et choisissez Bloquer tous les cookies. Validez sur Ok. Sous Netscape : onglet \u00e9dition \/ pr\u00e9f\u00e9rences. Cliquez sur Avanc\u00e9es et choisissez D\u00e9sactiver les cookies. Validez sur Ok. Sous Firefox : onglet Outils &gt; Options. S\u00e9lectionnez l\u2019onglet Vie priv\u00e9e. D\u00e9cochez Accepter les cookies. Validez sur Ok.<\/em><\/p>\n\n\n\n<h2 class=\"wp-block-heading\"><mark style=\"background-color:rgba(0, 0, 0, 0)\" class=\"has-inline-color has-neve-link-hover-color-color\">Contenu embarqu\u00e9 depuis d\u2019autres sites<\/mark><\/h2>\n\n\n\n<p>Les articles de ce site peuvent inclure des contenus int\u00e9gr\u00e9s (par exemple des vid\u00e9os, images, articles\u2026). Le contenu int\u00e9gr\u00e9 depuis d\u2019autres sites se comporte de la m\u00eame mani\u00e8re que si le visiteur se rendait sur cet autre site.<\/p>\n\n\n\n<p>Ces sites web pourraient collecter des donn\u00e9es sur vous, utiliser des cookies, embarquer des outils de suivis tiers, suivre vos interactions avec ces contenus embarqu\u00e9s si vous disposez d\u2019un compte connect\u00e9 sur leur site web.<\/p>\n\n\n\n<h2 class=\"wp-block-heading\"><mark style=\"background-color:rgba(0, 0, 0, 0)\" class=\"has-inline-color has-neve-link-color-color\">Utilisation de vos donn\u00e9es personnelles<\/mark><\/h2>\n\n\n\n<p>Les donn\u00e9es personnelles collect\u00e9es aupr\u00e8s des utilisateurs ont pour finalit\u00e9 la communication entre l\u2019\u00e9diteur et l\u2019utilisateur et la mise \u00e0 disposition des services du site web. Plus pr\u00e9cis\u00e9ment, les utilisations sont les suivantes :<\/p>\n\n\n\n<ul class=\"wp-block-list\">\n<li>acc\u00e8s et utilisation du site web par l\u2019utilisateur ;<\/li>\n\n\n\n<li>gestion du fonctionnement et optimisation du site web ;<\/li>\n\n\n\n<li>communication entre le site et l\u2019utilisateur (demande de renseignements \/ devis..)<\/li>\n<\/ul>\n\n\n\n<h2 class=\"wp-block-heading\"><mark style=\"background-color:rgba(0, 0, 0, 0)\" class=\"has-inline-color has-neve-link-hover-color-color\">Dur\u00e9es de stockage de vos donn\u00e9es<\/mark><\/h2>\n\n\n\n<p>Vos donn\u00e9es personnelles sont trait\u00e9es et conserv\u00e9es par l\u2019\u00e9diteur du site d\u00e8s validation de votre part, y compris pour le simple \u00e9tablissement d\u2019un devis ou lors de la prise de rendez-vous. Elles ne sont pas conserv\u00e9es au-del\u00e0 du temps n\u00e9cessaire \u00e0 la r\u00e9alisation des finalit\u00e9s d\u00e9crites dans la pr\u00e9sente Politique de confidentialit\u00e9. En cas de proposition non aboutie, ou d\u2019\u00e9changes \u00e9lectroniques auxquels il ne sera pas donn\u00e9 suite, les donn\u00e9es d\u2019identification (nom, pr\u00e9nom, email et t\u00e9l\u00e9phone) pourront \u00eatre conserv\u00e9es pendant une p\u00e9riode de 3 ann\u00e9es maximum apr\u00e8s le dernier \u00e9change dans le but de pouvoir effectuer des sollicitations personnalis\u00e9es.<\/p>\n\n\n\n<p>Dans tous les autres cas, les donn\u00e9es seront conserv\u00e9es pendant une dur\u00e9e maximale de 3 ann\u00e9es. Au-del\u00e0 de cette p\u00e9riode, elles pourront \u00eatre anonymis\u00e9es ou archiv\u00e9es \u00e0 des fins statistiques et probatoires.<\/p>\n\n\n\n<h2 class=\"wp-block-heading\"><mark style=\"background-color:rgba(0, 0, 0, 0)\" class=\"has-inline-color has-neve-link-color-color\">Les droits que vous avez sur vos donn\u00e9es<\/mark><\/h2>\n\n\n\n<p>En application de la r\u00e9glementation applicable aux donn\u00e9es \u00e0 caract\u00e8re personnel, les utilisateurs disposent des droits suivants, dans les limites pr\u00e9vues par la r\u00e9glementation applicable, qu\u2019ils peuvent exercer en faisant leur demande \u00e0 l\u2019adresse suivante :&nbsp;<a href=\"mailto:contact@capoupascap-accompagnement.fr\">contact@capoupascap-accompagnement.fr<\/a>&nbsp;ou bien par courrier postale \u00e0 l\u2019adresse suivante : CAP OU PAS CAP \u2013 16 CHEMIN DU PIGEONNIER 13560 SENAS.<\/p>\n\n\n\n<p>Le droit d\u2019acc\u00e8s : ils peuvent exercer leur droit d\u2019acc\u00e8s, pour conna\u00eetre les donn\u00e9es personnelles les concernant. Dans ce cas, avant la mise en \u0153uvre de ce droit, le site web peut demander une preuve de l\u2019identit\u00e9 de l\u2019utilisateur afin d\u2019en v\u00e9rifier l\u2019exactitude.<br>Le droit de rectification : si les donn\u00e9es \u00e0 caract\u00e8re personnel d\u00e9tenues par le site web sont inexactes, ils peuvent demander la mise \u00e0 jour des informations.<br>Le droit de suppression des donn\u00e9es : les utilisateurs peuvent demander la suppression de leurs donn\u00e9es \u00e0 caract\u00e8re personnel, conform\u00e9ment aux lois applicables en mati\u00e8re de protection des donn\u00e9es.<br>Le droit \u00e0 la limitation du traitement : les utilisateurs peuvent de demander au site web de limiter le traitement des donn\u00e9es personnelles conform\u00e9ment aux hypoth\u00e8ses pr\u00e9vues par le RGPD.<br>Le droit de s\u2019opposer au traitement des donn\u00e9es : les utilisateurs peuvent s\u2019opposer \u00e0 ce que ses donn\u00e9es soient trait\u00e9es conform\u00e9ment aux hypoth\u00e8ses pr\u00e9vues par le RGPD.<br>Le droit \u00e0 la portabilit\u00e9 : ils peuvent r\u00e9clamer que le site web leur remette les donn\u00e9es personnelles qui lui sont fournies pour les transmettre \u00e0 un nouveau site web.<br>Dans l\u2019hypoth\u00e8se o\u00f9 vous consid\u00e8reriez que vos donn\u00e9es n\u2019ont pas \u00e9t\u00e9 prot\u00e9g\u00e9es, vous disposez \u00e9galement du droit d\u2019introduire une r\u00e9clamation aupr\u00e8s d\u2019une autorit\u00e9 de contr\u00f4le (CNIL).<\/p>\n\n\n\n<h2 class=\"wp-block-heading\"><mark style=\"background-color:rgba(0, 0, 0, 0)\" class=\"has-inline-color has-neve-link-hover-color-color\">Transmission de vos donn\u00e9es personnelles<\/mark><\/h2>\n\n\n\n<p>Les donn\u00e9es personnelles peuvent \u00eatre partag\u00e9es avec des soci\u00e9t\u00e9s tierces, dans les cas suivants :<\/p>\n\n\n\n<ul class=\"wp-block-list\">\n<li>lorsque l\u2019Utilisateur autorise le site web d\u2019un tiers \u00e0 acc\u00e9der \u00e0 ses donn\u00e9es ;<\/li>\n\n\n\n<li>si la loi l\u2019exige, le site web peut effectuer la transmission de donn\u00e9es pour donner suite aux r\u00e9clamations pr\u00e9sent\u00e9es contre le site web et se conformer aux proc\u00e9dures administratives et judiciaires ;<\/li>\n\n\n\n<li>si le site web est impliqu\u00e9e dans une op\u00e9ration de fusion, acquisition, cession d\u2019actifs ou proc\u00e9dure de redressement judiciaire, elle pourra \u00eatre amen\u00e9e \u00e0 c\u00e9der ou partager tout ou partie de ses actifs, y compris les donn\u00e9es \u00e0 caract\u00e8re personnel. Dans ce cas, les utilisateurs seraient inform\u00e9s, avant que les donn\u00e9es \u00e0 caract\u00e8re personnel ne soient transf\u00e9r\u00e9es \u00e0 une tierce partie.<\/li>\n<\/ul>\n","protected":false},"excerpt":{"rendered":"<p>Qui sommes-nous\u00a0? L\u2019adresse de notre site est&nbsp;: http:\/\/www.capoupascap-accompagnement.fr\/ Commentaires Quand vous laissez un commentaire sur notre site, les donn\u00e9es inscrites dans le formulaire de commentaire, ainsi que votre adresse IP et l\u2019agent utilisateur de votre navigateur sont collect\u00e9s pour nous aider \u00e0 la d\u00e9tection des commentaires ind\u00e9sirables. Cookies L\u2019Internaute est inform\u00e9 que la Soci\u00e9t\u00e9 ou&hellip;&nbsp;<a href=\"https:\/\/www.capoupascap-accompagnement.fr\/?page_id=3\" class=\"\" rel=\"bookmark\">Lire la suite &raquo;<span class=\"screen-reader-text\">Politique de confidentialit\u00e9<\/span><\/a><\/p>\n","protected":false},"author":1,"featured_media":0,"parent":0,"menu_order":0,"comment_status":"closed","ping_status":"open","template":"","meta":{"neve_meta_sidebar":"","neve_meta_container":"","neve_meta_enable_content_width":"","neve_meta_content_width":0,"neve_meta_title_alignment":"","neve_meta_author_avatar":"","neve_post_elements_order":"","neve_meta_disable_header":"","neve_meta_disable_footer":"","neve_meta_disable_title":"","footnotes":""},"class_list":["post-3","page","type-page","status-publish","hentry"],"yoast_head":"<!-- This site is optimized with the Yoast SEO plugin v21.0 - https:\/\/yoast.com\/wordpress\/plugins\/seo\/ -->\n<title>Politique de confidentialit\u00e9 - CAP OU PAS CAP<\/title>\n<meta name=\"robots\" content=\"index, follow, max-snippet:-1, max-image-preview:large, max-video-preview:-1\" \/>\n<link rel=\"canonical\" href=\"https:\/\/www.capoupascap-accompagnement.fr\/?page_id=3\" \/>\n<meta property=\"og:locale\" content=\"fr_FR\" \/>\n<meta property=\"og:type\" content=\"article\" \/>\n<meta property=\"og:title\" content=\"Politique de confidentialit\u00e9 - CAP OU PAS CAP\" \/>\n<meta property=\"og:description\" content=\"Qui sommes-nous\u00a0? L\u2019adresse de notre site est&nbsp;: http:\/\/www.capoupascap-accompagnement.fr\/ Commentaires Quand vous laissez un commentaire sur notre site, les donn\u00e9es inscrites dans le formulaire de commentaire, ainsi que votre adresse IP et l\u2019agent utilisateur de votre navigateur sont collect\u00e9s pour nous aider \u00e0 la d\u00e9tection des commentaires ind\u00e9sirables. Cookies L\u2019Internaute est inform\u00e9 que la Soci\u00e9t\u00e9 ou&hellip;&nbsp;Lire la suite &raquo;Politique de confidentialit\u00e9\" \/>\n<meta property=\"og:url\" content=\"https:\/\/www.capoupascap-accompagnement.fr\/?page_id=3\" \/>\n<meta property=\"og:site_name\" content=\"CAP OU PAS CAP\" \/>\n<meta property=\"article:publisher\" content=\"https:\/\/www.facebook.com\/capoupascapaccompagnement\" \/>\n<meta property=\"article:modified_time\" content=\"2023-07-11T10:36:46+00:00\" \/>\n<meta name=\"twitter:card\" content=\"summary_large_image\" \/>\n<meta name=\"twitter:label1\" content=\"Dur\u00e9e de lecture estim\u00e9e\" \/>\n\t<meta name=\"twitter:data1\" content=\"6 minutes\" \/>\n<script type=\"application\/ld+json\" class=\"yoast-schema-graph\">{\"@context\":\"https:\/\/schema.org\",\"@graph\":[{\"@type\":\"WebPage\",\"@id\":\"https:\/\/www.capoupascap-accompagnement.fr\/?page_id=3\",\"url\":\"https:\/\/www.capoupascap-accompagnement.fr\/?page_id=3\",\"name\":\"Politique de confidentialit\u00e9 - CAP OU PAS CAP\",\"isPartOf\":{\"@id\":\"https:\/\/www.capoupascap-accompagnement.fr\/#website\"},\"datePublished\":\"2023-07-06T12:05:26+00:00\",\"dateModified\":\"2023-07-11T10:36:46+00:00\",\"breadcrumb\":{\"@id\":\"https:\/\/www.capoupascap-accompagnement.fr\/?page_id=3#breadcrumb\"},\"inLanguage\":\"fr-FR\",\"potentialAction\":[{\"@type\":\"ReadAction\",\"target\":[\"https:\/\/www.capoupascap-accompagnement.fr\/?page_id=3\"]}]},{\"@type\":\"BreadcrumbList\",\"@id\":\"https:\/\/www.capoupascap-accompagnement.fr\/?page_id=3#breadcrumb\",\"itemListElement\":[{\"@type\":\"ListItem\",\"position\":1,\"name\":\"Accueil\",\"item\":\"https:\/\/www.capoupascap-accompagnement.fr\/\"},{\"@type\":\"ListItem\",\"position\":2,\"name\":\"Politique de confidentialit\u00e9\"}]},{\"@type\":\"WebSite\",\"@id\":\"https:\/\/www.capoupascap-accompagnement.fr\/#website\",\"url\":\"https:\/\/www.capoupascap-accompagnement.fr\/\",\"name\":\"capoupascap-accompagnement.fr\",\"description\":\"\",\"publisher\":{\"@id\":\"https:\/\/www.capoupascap-accompagnement.fr\/#organization\"},\"potentialAction\":[{\"@type\":\"SearchAction\",\"target\":{\"@type\":\"EntryPoint\",\"urlTemplate\":\"https:\/\/www.capoupascap-accompagnement.fr\/?s={search_term_string}\"},\"query-input\":\"required name=search_term_string\"}],\"inLanguage\":\"fr-FR\"},{\"@type\":\"Organization\",\"@id\":\"https:\/\/www.capoupascap-accompagnement.fr\/#organization\",\"name\":\"capoupascap-accompagnement.fr\",\"url\":\"https:\/\/www.capoupascap-accompagnement.fr\/\",\"logo\":{\"@type\":\"ImageObject\",\"inLanguage\":\"fr-FR\",\"@id\":\"https:\/\/www.capoupascap-accompagnement.fr\/#\/schema\/logo\/image\/\",\"url\":\"http:\/\/www.capoupascap-accompagnement.fr\/wp-content\/uploads\/2023\/07\/LOGO.png\",\"contentUrl\":\"http:\/\/www.capoupascap-accompagnement.fr\/wp-content\/uploads\/2023\/07\/LOGO.png\",\"width\":500,\"height\":500,\"caption\":\"capoupascap-accompagnement.fr\"},\"image\":{\"@id\":\"https:\/\/www.capoupascap-accompagnement.fr\/#\/schema\/logo\/image\/\"},\"sameAs\":[\"https:\/\/www.facebook.com\/capoupascapaccompagnement\",\"https:\/\/www.instagram.com\/capoupascapjle\/?hl=fr\"]}]}<\/script>\n<!-- \/ Yoast SEO plugin. -->","yoast_head_json":{"title":"Politique de confidentialit\u00e9 - CAP OU PAS CAP","robots":{"index":"index","follow":"follow","max-snippet":"max-snippet:-1","max-image-preview":"max-image-preview:large","max-video-preview":"max-video-preview:-1"},"canonical":"https:\/\/www.capoupascap-accompagnement.fr\/?page_id=3","og_locale":"fr_FR","og_type":"article","og_title":"Politique de confidentialit\u00e9 - CAP OU PAS CAP","og_description":"Qui sommes-nous\u00a0? L\u2019adresse de notre site est&nbsp;: http:\/\/www.capoupascap-accompagnement.fr\/ Commentaires Quand vous laissez un commentaire sur notre site, les donn\u00e9es inscrites dans le formulaire de commentaire, ainsi que votre adresse IP et l\u2019agent utilisateur de votre navigateur sont collect\u00e9s pour nous aider \u00e0 la d\u00e9tection des commentaires ind\u00e9sirables. Cookies L\u2019Internaute est inform\u00e9 que la Soci\u00e9t\u00e9 ou&hellip;&nbsp;Lire la suite &raquo;Politique de confidentialit\u00e9","og_url":"https:\/\/www.capoupascap-accompagnement.fr\/?page_id=3","og_site_name":"CAP OU PAS CAP","article_publisher":"https:\/\/www.facebook.com\/capoupascapaccompagnement","article_modified_time":"2023-07-11T10:36:46+00:00","twitter_card":"summary_large_image","twitter_misc":{"Dur\u00e9e de lecture estim\u00e9e":"6 minutes"},"schema":{"@context":"https:\/\/schema.org","@graph":[{"@type":"WebPage","@id":"https:\/\/www.capoupascap-accompagnement.fr\/?page_id=3","url":"https:\/\/www.capoupascap-accompagnement.fr\/?page_id=3","name":"Politique de confidentialit\u00e9 - CAP OU PAS CAP","isPartOf":{"@id":"https:\/\/www.capoupascap-accompagnement.fr\/#website"},"datePublished":"2023-07-06T12:05:26+00:00","dateModified":"2023-07-11T10:36:46+00:00","breadcrumb":{"@id":"https:\/\/www.capoupascap-accompagnement.fr\/?page_id=3#breadcrumb"},"inLanguage":"fr-FR","potentialAction":[{"@type":"ReadAction","target":["https:\/\/www.capoupascap-accompagnement.fr\/?page_id=3"]}]},{"@type":"BreadcrumbList","@id":"https:\/\/www.capoupascap-accompagnement.fr\/?page_id=3#breadcrumb","itemListElement":[{"@type":"ListItem","position":1,"name":"Accueil","item":"https:\/\/www.capoupascap-accompagnement.fr\/"},{"@type":"ListItem","position":2,"name":"Politique de confidentialit\u00e9"}]},{"@type":"WebSite","@id":"https:\/\/www.capoupascap-accompagnement.fr\/#website","url":"https:\/\/www.capoupascap-accompagnement.fr\/","name":"capoupascap-accompagnement.fr","description":"","publisher":{"@id":"https:\/\/www.capoupascap-accompagnement.fr\/#organization"},"potentialAction":[{"@type":"SearchAction","target":{"@type":"EntryPoint","urlTemplate":"https:\/\/www.capoupascap-accompagnement.fr\/?s={search_term_string}"},"query-input":"required name=search_term_string"}],"inLanguage":"fr-FR"},{"@type":"Organization","@id":"https:\/\/www.capoupascap-accompagnement.fr\/#organization","name":"capoupascap-accompagnement.fr","url":"https:\/\/www.capoupascap-accompagnement.fr\/","logo":{"@type":"ImageObject","inLanguage":"fr-FR","@id":"https:\/\/www.capoupascap-accompagnement.fr\/#\/schema\/logo\/image\/","url":"http:\/\/www.capoupascap-accompagnement.fr\/wp-content\/uploads\/2023\/07\/LOGO.png","contentUrl":"http:\/\/www.capoupascap-accompagnement.fr\/wp-content\/uploads\/2023\/07\/LOGO.png","width":500,"height":500,"caption":"capoupascap-accompagnement.fr"},"image":{"@id":"https:\/\/www.capoupascap-accompagnement.fr\/#\/schema\/logo\/image\/"},"sameAs":["https:\/\/www.facebook.com\/capoupascapaccompagnement","https:\/\/www.instagram.com\/capoupascapjle\/?hl=fr"]}]}},"_links":{"self":[{"href":"https:\/\/www.capoupascap-accompagnement.fr\/index.php?rest_route=\/wp\/v2\/pages\/3","targetHints":{"allow":["GET"]}}],"collection":[{"href":"https:\/\/www.capoupascap-accompagnement.fr\/index.php?rest_route=\/wp\/v2\/pages"}],"about":[{"href":"https:\/\/www.capoupascap-accompagnement.fr\/index.php?rest_route=\/wp\/v2\/types\/page"}],"author":[{"embeddable":true,"href":"https:\/\/www.capoupascap-accompagnement.fr\/index.php?rest_route=\/wp\/v2\/users\/1"}],"replies":[{"embeddable":true,"href":"https:\/\/www.capoupascap-accompagnement.fr\/index.php?rest_route=%2Fwp%2Fv2%2Fcomments&post=3"}],"version-history":[{"count":4,"href":"https:\/\/www.capoupascap-accompagnement.fr\/index.php?rest_route=\/wp\/v2\/pages\/3\/revisions"}],"predecessor-version":[{"id":174,"href":"https:\/\/www.capoupascap-accompagnement.fr\/index.php?rest_route=\/wp\/v2\/pages\/3\/revisions\/174"}],"wp:attachment":[{"href":"https:\/\/www.capoupascap-accompagnement.fr\/index.php?rest_route=%2Fwp%2Fv2%2Fmedia&parent=3"}],"curies":[{"name":"wp","href":"https:\/\/api.w.org\/{rel}","templated":true}]}}